{"id":1151,"date":"2019-03-13T13:08:49","date_gmt":"2019-03-13T13:08:49","guid":{"rendered":"https:\/\/moconsulting-info.com\/impressum\/"},"modified":"2025-11-25T14:21:56","modified_gmt":"2025-11-25T14:21:56","slug":"impressum-2","status":"publish","type":"page","link":"https:\/\/moconsulting-info.com\/de\/impressum-2\/","title":{"rendered":"Impressum"},"content":{"rendered":"<p>[et_pb_section fb_built=&#8221;1&#8243; _builder_version=&#8221;4.16&#8243; background_color=&#8221;#000000&#8243; custom_margin=&#8221;0px||&#8221; custom_padding=&#8221;0|0px|0|0px|true|false&#8221; bottom_divider_height=&#8221;0px&#8221; bottom_divider_repeat=&#8221;0x&#8221; global_colors_info=&#8221;{}&#8221;][\/et_pb_section][et_pb_section fb_built=&#8221;1&#8243; fullwidth=&#8221;on&#8221; _builder_version=&#8221;4.16&#8243; global_colors_info=&#8221;{}&#8221;][et_pb_fullwidth_image src=&#8221;https:\/\/moconsulting-info.com\/wp-content\/uploads\/2021\/02\/iStock-944453634-2.jpeg&#8221; title_text=&#8221;Earth at night was holding in human hands. Earth day. Energy saving concept, Elements of this image furnished by NASA&#8221; admin_label=&#8221;Bringing continents header image &#8221; _builder_version=&#8221;4.16&#8243; global_colors_info=&#8221;{}&#8221;][\/et_pb_fullwidth_image][\/et_pb_section][et_pb_section fb_built=&#8221;1&#8243; admin_label=&#8221;SERVICE PORTFOLIO&#8221; module_id=&#8221;leistungen&#8221; _builder_version=&#8221;4.16&#8243; custom_padding=&#8221;67px|0px|0|0px|false|false&#8221; global_colors_info=&#8221;{}&#8221;][et_pb_row _builder_version=&#8221;4.16&#8243; module_alignment=&#8221;center&#8221; custom_padding=&#8221;0px|0px|0|0px|false|false&#8221; animation_style=&#8221;slide&#8221; global_colors_info=&#8221;{}&#8221;][et_pb_column type=&#8221;4_4&#8243; _builder_version=&#8221;4.16&#8243; custom_padding=&#8221;|||&#8221; global_colors_info=&#8221;{}&#8221; custom_padding__hover=&#8221;|||&#8221;][et_pb_text _builder_version=&#8221;4.16&#8243; text_font=&#8221;Source Sans Pro||||||||&#8221; text_font_size=&#8221;10px&#8221; header_font=&#8221;||||||||&#8221; header_font_size=&#8221;17px&#8221; global_colors_info=&#8221;{}&#8221;]<\/p>\n<h2 style=\"text-align: center;\"><strong>Impressum<\/strong><\/h2>\n<p>[\/et_pb_text][et_pb_text _builder_version=&#8221;4.16&#8243; text_font=&#8221;Abel||||||||&#8221; text_font_size=&#8221;18px&#8221; animation_style=&#8221;slide&#8221; global_colors_info=&#8221;{}&#8221;]<\/p>\n<div class=\"mitte\" style=\"text-align: left;\"><\/div>\n<div class=\"links\">\n<p><span class=\"tlid-translation translation\"><span class=\"tlid-translation translation\"><span class=\"\" title=\"\">Rechtliche Hinweise<\/span><br \/> <span class=\"\" title=\"\">Angaben gem\u00e4\u00df \u00a7 5 TMG<\/span><\/span><\/span>\u00a0<\/p>\n<p><span title=\"\">Herr Mark Oldfield &#8211; MO Consulting<\/span><br \/><span title=\"\">31675, B\u00fcckeburg &#8211; Deutschland<\/span><br \/> <span title=\"\">USt-IdNr. : : DE322456247<br \/> <\/span><\/p>\n<\/div>\n<p>[\/et_pb_text][et_pb_text _builder_version=&#8221;4.16&#8243; global_colors_info=&#8221;{}&#8221;]<\/p>\n<div dir=\"auto\" style=\"text-align: center;\"><\/div>\n<p style=\"text-align: center;\">\u00a0K<span style=\"font-size: 14px; text-align: center;\">ontakt Informationen<\/span><\/p>\n<div dir=\"auto\" style=\"text-align: center;\">Telefone: +49 (0) 16096432861<\/div>\n<div dir=\"auto\" style=\"text-align: center;\">E-Mail: <span style=\"color: rgba(12, 113, 195, 0.619608);\"><a style=\"color: rgba(12, 113, 195, 0.619608);\" href=\"mailto:mark.oldfield@moconsulting-info.com\">mark.oldfield@moconsulting-info.com<\/a><\/span><\/div>\n<div dir=\"auto\" style=\"text-align: center;\">Internet addresse: <span style=\"color: #0c71c3;\"><a style=\"color: #0c71c3;\" href=\"https:\/\/moconsulting-info.com\/\">www.moconsulting-info.com<\/a><\/span><\/div>\n<div dir=\"auto\" style=\"text-align: center;\"><\/div>\n<div dir=\"auto\" style=\"text-align: center;\"><\/div>\n<div dir=\"auto\" style=\"text-align: center;\"><\/div>\n<p>&nbsp;<\/p>\n<div dir=\"auto\" style=\"text-align: center;\"><span class=\"tlid-translation translation\"><span class=\"\" title=\"\">Haftungsausschluss<\/span><\/span><\/div>\n<div dir=\"auto\" style=\"text-align: center;\"><span class=\"tlid-translation translation\"><span class=\"\" title=\"\">Verantwortlichkeit f\u00fcr den Inhalt<\/span><\/span><\/div>\n<p><span class=\"tlid-translation translation\"><span class=\"\" title=\"\">Die Inhalte unserer Seiten wurden mit gr\u00f6\u00dfter Sorgfalt erstellt.<\/span> <span class=\"\" title=\"\">F\u00fcr die Richtigkeit, Vollst\u00e4ndigkeit und Aktualit\u00e4t der Inhalte k\u00f6nnen wir jedoch keine Gew\u00e4hr \u00fcbernehmen. Weiterhin sind wir gem\u00e4\u00df den gesetzlichen Bestimmungen f\u00fcr die eigenen Inhalte auf diesen Seiten verantwortlich.<\/span><\/span><\/p>\n<div dir=\"auto\" style=\"text-align: center;\"><span class=\"tlid-translation translation\"><span class=\"\" title=\"\">Wir weisen darauf hin, dass wir nicht verpflichtet sind, \u00fcbermittelte oder gespeicherte Informationen von Dritten zu \u00fcberwachen oder nach Umst\u00e4nden zu forschen, die auf eine rechtswidrige T\u00e4tigkeit hinweisen. Unsere Verpflichtungen zur Entfernung oder Sperrung der Nutzung von Informationen nach den allgemeinen Gesetzen bleiben hiervon unber\u00fchrt<\/span> <span title=\"\">\u00a7\u00a7 8 bis 10 des Telemediengesetzes (TMG).<\/span><\/span><\/div>\n<p><span class=\"tlid-translation translation\"><span class=\"\" title=\"\">F\u00fcr den Inhalt der verlinkten Seiten sind ausschlie\u00dflich deren Betreiber verantwortlich. F\u00fcr den Inhalt der verlinkten Seiten sind ausschlie\u00dflich deren Betreiber verantwortlich. Zum Zeitpunkt der Verlinkung waren keine Rechtsverst\u00f6\u00dfe ersichtlich.<\/span> <span class=\"\" title=\"\">Bei Bekanntwerden von Rechtsverletzungen werden wir derartige Links umgehend entfernen.<\/span><\/span><\/p>\n<p>&nbsp;<\/p>\n<div dir=\"auto\" style=\"text-align: center;\">Copyright<\/div>\n<div dir=\"auto\" style=\"text-align: center;\">Our web pages and their contents are subject to German copyright law. Unless expressly permitted by law, every form of utilizing, reproducing or<\/div>\n<div dir=\"auto\" style=\"text-align: center;\">processing works subject to copyright protection on our web pages requires the prior consent of the respective owner of the rights.<\/div>\n<div dir=\"auto\" style=\"text-align: center;\">Individual reproductions of a work are only allowed for private use. The materials from these pages are copyrighted and any unauthorized use may violate copyright laws.<\/div>\n<p>&nbsp;[\/et_pb_text][\/et_pb_column][\/et_pb_row][\/et_pb_section][et_pb_section fb_built=&#8221;1&#8243; _builder_version=&#8221;4.16&#8243; background_image=&#8221;http:\/\/moconsulting-info.com\/wp-content\/uploads\/2019\/01\/back-1-1.png&#8221; module_alignment=&#8221;center&#8221; custom_padding=&#8221;0|0px|0|0px|false|false&#8221; global_colors_info=&#8221;{}&#8221;][et_pb_row column_structure=&#8221;1_2,1_2&#8243; _builder_version=&#8221;4.16&#8243; custom_padding=&#8221;27px|0px|0|0px|false|false&#8221; global_colors_info=&#8221;{}&#8221;][et_pb_column type=&#8221;1_2&#8243; _builder_version=&#8221;4.16&#8243; custom_padding=&#8221;|||&#8221; global_colors_info=&#8221;{}&#8221; custom_padding__hover=&#8221;|||&#8221;][et_pb_image src=&#8221;https:\/\/moconsulting-info.com\/wp-content\/uploads\/2019\/01\/Bild6-2.png&#8221; align=&#8221;center&#8221; align_tablet=&#8221;center&#8221; align_phone=&#8221;&#8221; align_last_edited=&#8221;on|desktop&#8221; _builder_version=&#8221;4.16&#8243; max_width=&#8221;18%&#8221; module_alignment=&#8221;left&#8221; global_colors_info=&#8221;{}&#8221;][\/et_pb_image][\/et_pb_column][et_pb_column type=&#8221;1_2&#8243; _builder_version=&#8221;4.16&#8243; custom_padding=&#8221;|||&#8221; global_colors_info=&#8221;{}&#8221; custom_padding__hover=&#8221;|||&#8221;][et_pb_button button_url=&#8221;https:\/\/moconsulting-info.com\/kontakt\/?lang=de&#8221; url_new_window=&#8221;on&#8221; button_text=&#8221;Kontaktieren Sie uns f\u00fcr weitere Informationen!&#8221; button_alignment=&#8221;center&#8221; _builder_version=&#8221;4.16&#8243; custom_button=&#8221;on&#8221; button_text_color=&#8221;#ffffff&#8221; button_font=&#8221;||||||||&#8221; custom_margin=&#8221;60px||&#8221; global_colors_info=&#8221;{}&#8221;][\/et_pb_button][\/et_pb_column][\/et_pb_row][\/et_pb_section]<\/p>\n","protected":false},"excerpt":{"rendered":"<p>Impressum Rechtliche Hinweise Angaben gem\u00e4\u00df \u00a7 5 TMG\u00a0 Herr Mark Oldfield &#8211; MO Consulting31675, B\u00fcckeburg &#8211; Deutschland USt-IdNr. : : DE322456247 \u00a0Kontakt Informationen Telefone: +49 (0) 16096432861 E-Mail: mark.oldfield@moconsulting-info.com Internet addresse: www.moconsulting-info.com &nbsp; Haftungsausschluss Verantwortlichkeit f\u00fcr den Inhalt Die Inhalte unserer Seiten wurden mit gr\u00f6\u00dfter Sorgfalt erstellt. F\u00fcr die Richtigkeit, Vollst\u00e4ndigkeit und Aktualit\u00e4t der Inhalte [&hellip;]<\/p>\n","protected":false},"author":1,"featured_media":0,"parent":0,"menu_order":0,"comment_status":"closed","ping_status":"closed","template":"","meta":{"_et_pb_use_builder":"on","_et_pb_old_content":"","_et_gb_content_width":"","_monsterinsights_skip_tracking":false,"_monsterinsights_sitenote_active":false,"_monsterinsights_sitenote_note":"","_monsterinsights_sitenote_category":0,"footnotes":""},"class_list":["post-1151","page","type-page","status-publish","hentry"],"_links":{"self":[{"href":"https:\/\/moconsulting-info.com\/de\/wp-json\/wp\/v2\/pages\/1151","targetHints":{"allow":["GET"]}}],"collection":[{"href":"https:\/\/moconsulting-info.com\/de\/wp-json\/wp\/v2\/pages"}],"about":[{"href":"https:\/\/moconsulting-info.com\/de\/wp-json\/wp\/v2\/types\/page"}],"author":[{"embeddable":true,"href":"https:\/\/moconsulting-info.com\/de\/wp-json\/wp\/v2\/users\/1"}],"replies":[{"embeddable":true,"href":"https:\/\/moconsulting-info.com\/de\/wp-json\/wp\/v2\/comments?post=1151"}],"version-history":[{"count":8,"href":"https:\/\/moconsulting-info.com\/de\/wp-json\/wp\/v2\/pages\/1151\/revisions"}],"predecessor-version":[{"id":3653,"href":"https:\/\/moconsulting-info.com\/de\/wp-json\/wp\/v2\/pages\/1151\/revisions\/3653"}],"wp:attachment":[{"href":"https:\/\/moconsulting-info.com\/de\/wp-json\/wp\/v2\/media?parent=1151"}],"curies":[{"name":"wp","href":"https:\/\/api.w.org\/{rel}","templated":true}]}}